{"id":29,"date":"2014-10-20T15:38:43","date_gmt":"2014-10-20T13:38:43","guid":{"rendered":"http:\/\/www.kpparkmg.com\/?page_id=29"},"modified":"2017-03-14T17:28:21","modified_gmt":"2017-03-14T15:28:21","slug":"slider","status":"publish","type":"page","link":"https:\/\/www.kpparkmg.com\/","title":{"rendered":"Komunalno preduze\u0107e PARK"},"content":{"rendered":"<p>Stevana Sin\u0111eli\u0107a 51 Mrkonji\u0107 Grad 70260<\/p>\n<div id='gallery-1' class='gallery galleryid-29 gallery-columns-3 gallery-size-thumbnail'><dl class='gallery-item'>\n\t\t\t<dt class='gallery-icon landscape'>\n\t\t\t\t<a href='https:\/\/www.kpparkmg.com\/wp-content\/uploads\/2014\/10\/MG_0695.jpg'><img loading=\"lazy\" decoding=\"async\" width=\"150\" height=\"150\" src=\"https:\/\/www.kpparkmg.com\/wp-content\/uploads\/2014\/10\/MG_0695-150x150.jpg\" class=\"attachment-thumbnail size-thumbnail\" alt=\"\" aria-describedby=\"gallery-1-32\" \/><\/a>\n\t\t\t<\/dt>\n\t\t\t\t<dd class='wp-caption-text gallery-caption' id='gallery-1-32'>\n\t\t\t\tSlika 1\n\t\t\t\t<\/dd><\/dl><dl class='gallery-item'>\n\t\t\t<dt class='gallery-icon landscape'>\n\t\t\t\t<a href='https:\/\/www.kpparkmg.com\/wp-content\/uploads\/2014\/10\/DSC04144.jpg'><img loading=\"lazy\" decoding=\"async\" width=\"150\" height=\"150\" src=\"https:\/\/www.kpparkmg.com\/wp-content\/uploads\/2014\/10\/DSC04144-150x150.jpg\" class=\"attachment-thumbnail size-thumbnail\" alt=\"\" aria-describedby=\"gallery-1-33\" \/><\/a>\n\t\t\t<\/dt>\n\t\t\t\t<dd class='wp-caption-text gallery-caption' id='gallery-1-33'>\n\t\t\t\tSlika 2\n\t\t\t\t<\/dd><\/dl><dl class='gallery-item'>\n\t\t\t<dt class='gallery-icon landscape'>\n\t\t\t\t<a href='https:\/\/www.kpparkmg.com\/wp-content\/uploads\/2014\/10\/DSC04156.jpg'><img loading=\"lazy\" decoding=\"async\" width=\"150\" height=\"150\" src=\"https:\/\/www.kpparkmg.com\/wp-content\/uploads\/2014\/10\/DSC04156-150x150.jpg\" class=\"attachment-thumbnail size-thumbnail\" alt=\"\" aria-describedby=\"gallery-1-34\" \/><\/a>\n\t\t\t<\/dt>\n\t\t\t\t<dd class='wp-caption-text gallery-caption' id='gallery-1-34'>\n\t\t\t\tSlika 3\n\t\t\t\t<\/dd><\/dl><br style=\"clear: both\" \/><dl class='gallery-item'>\n\t\t\t<dt class='gallery-icon landscape'>\n\t\t\t\t<a href='https:\/\/www.kpparkmg.com\/wp-content\/uploads\/2014\/10\/DSC04219.jpg'><img loading=\"lazy\" decoding=\"async\" width=\"150\" height=\"150\" src=\"https:\/\/www.kpparkmg.com\/wp-content\/uploads\/2014\/10\/DSC04219-150x150.jpg\" class=\"attachment-thumbnail size-thumbnail\" alt=\"\" aria-describedby=\"gallery-1-35\" \/><\/a>\n\t\t\t<\/dt>\n\t\t\t\t<dd class='wp-caption-text gallery-caption' id='gallery-1-35'>\n\t\t\t\tSlika 4\n\t\t\t\t<\/dd><\/dl>\n\t\t\t<br style='clear: both' \/>\n\t\t<\/div>\n\n","protected":false},"excerpt":{"rendered":"<p>Stevana Sin\u0111eli\u0107a 51 Mrkonji\u0107 Grad 70260<\/p>\n","protected":false},"author":4,"featured_media":0,"parent":0,"menu_order":0,"comment_status":"closed","ping_status":"closed","template":"alt_homepage_blog_slider.php","meta":{"footnotes":""},"class_list":["post-29","page","type-page","status-publish","hentry"],"_links":{"self":[{"href":"https:\/\/www.kpparkmg.com\/index.php?rest_route=\/wp\/v2\/pages\/29","targetHints":{"allow":["GET"]}}],"collection":[{"href":"https:\/\/www.kpparkmg.com\/index.php?rest_route=\/wp\/v2\/pages"}],"about":[{"href":"https:\/\/www.kpparkmg.com\/index.php?rest_route=\/wp\/v2\/types\/page"}],"author":[{"embeddable":true,"href":"https:\/\/www.kpparkmg.com\/index.php?rest_route=\/wp\/v2\/users\/4"}],"replies":[{"embeddable":true,"href":"https:\/\/www.kpparkmg.com\/index.php?rest_route=%2Fwp%2Fv2%2Fcomments&post=29"}],"version-history":[{"count":5,"href":"https:\/\/www.kpparkmg.com\/index.php?rest_route=\/wp\/v2\/pages\/29\/revisions"}],"predecessor-version":[{"id":45,"href":"https:\/\/www.kpparkmg.com\/index.php?rest_route=\/wp\/v2\/pages\/29\/revisions\/45"}],"wp:attachment":[{"href":"https:\/\/www.kpparkmg.com\/index.php?rest_route=%2Fwp%2Fv2%2Fmedia&parent=29"}],"curies":[{"name":"wp","href":"https:\/\/api.w.org\/{rel}","templated":true}]}}